{"id":87,"date":"2021-05-16T18:49:59","date_gmt":"2021-05-16T16:49:59","guid":{"rendered":"http:\/\/lesamisdelahume.fr\/?page_id=87"},"modified":"2025-03-23T17:33:04","modified_gmt":"2025-03-23T16:33:04","slug":"photos","status":"publish","type":"page","link":"https:\/\/lesamisdelahume.fr\/index.php\/photos\/","title":{"rendered":"Ann\u00e9e 2022"},"content":{"rendered":"\n<p><\/p>\n\n\n\n<h3 class=\"wp-block-heading\"><strong>COURSE P\u00c9DESTRE DU JEUDI 14 JUILLET 2022<\/strong><\/h3>\n\n\n\n<div class=\"wp-block-buttons is-layout-flex wp-block-buttons-is-layout-flex\">\n<div class=\"wp-block-button is-style-outline is-style-outline--1\"><a class=\"wp-block-button__link wp-element-button\" href=\"https:\/\/drive.google.com\/drive\/folders\/1DglISjAPoqpyhkUC7YDEScdRL_WbqVms?usp=sharing\">CLIQUEZ ICI POUR VOIR LES PHOTOS <\/a><\/div>\n<\/div>\n\n\n\n<p><\/p>\n\n\n\n<p><\/p>\n\n\n\n<hr class=\"wp-block-separator has-css-opacity\"\/>\n\n\n\n<h3 class=\"wp-block-heading\"><strong>SARDINADE DU 9 JUILLET 2022<\/strong><\/h3>\n\n\n\n<p>Enfin reprise de nos sardinades&#8230;<\/p>\n\n\n\n<p>Tr\u00e8s belle soir\u00e9e avec le groupe choeur des Hommes ADISHATZ.<\/p>\n\n\n\n<p>Bravo \u00e0 nos jeunes serveurs !<\/p>\n\n\n\n<p>On est pr\u00eat pour la prochaine.<\/p>\n\n\n\n<figure class=\"wp-block-gallery has-nested-images columns-default is-cropped wp-block-gallery-2 is-layout-flex wp-block-gallery-is-layout-flex\">\n<figure class=\"wp-block-image size-large\"><img loading=\"lazy\" decoding=\"async\" width=\"2560\" height=\"1922\" data-id=\"443\" src=\"http:\/\/lesamisdelahume.fr\/wp-content\/uploads\/2022\/07\/sardinade-juillet-22-1-scaled.jpg\" alt=\"\" class=\"wp-image-443\" srcset=\"https:\/\/lesamisdelahume.fr\/wp-content\/uploads\/2022\/07\/sardinade-juillet-22-1-scaled.jpg 2560w, https:\/\/lesamisdelahume.fr\/wp-content\/uploads\/2022\/07\/sardinade-juillet-22-1-300x225.jpg 300w, https:\/\/lesamisdelahume.fr\/wp-content\/uploads\/2022\/07\/sardinade-juillet-22-1-1024x769.jpg 1024w, https:\/\/lesamisdelahume.fr\/wp-content\/uploads\/2022\/07\/sardinade-juillet-22-1-768x577.jpg 768w, https:\/\/lesamisdelahume.fr\/wp-content\/uploads\/2022\/07\/sardinade-juillet-22-1-1536x1153.jpg 1536w, https:\/\/lesamisdelahume.fr\/wp-content\/uploads\/2022\/07\/sardinade-juillet-22-1-2048x1538.jpg 2048w\" sizes=\"auto, (max-width: 767px) 89vw, (max-width: 1000px) 54vw, (max-width: 1071px) 543px, 580px\" \/><\/figure>\n\n\n\n<figure class=\"wp-block-image size-large\"><img loading=\"lazy\" decoding=\"async\" width=\"2560\" height=\"1922\" data-id=\"444\" src=\"http:\/\/lesamisdelahume.fr\/wp-content\/uploads\/2022\/07\/sardinade-juillet-22-2-scaled.jpg\" alt=\"\" class=\"wp-image-444\" srcset=\"https:\/\/lesamisdelahume.fr\/wp-content\/uploads\/2022\/07\/sardinade-juillet-22-2-scaled.jpg 2560w, https:\/\/lesamisdelahume.fr\/wp-content\/uploads\/2022\/07\/sardinade-juillet-22-2-300x225.jpg 300w, https:\/\/lesamisdelahume.fr\/wp-content\/uploads\/2022\/07\/sardinade-juillet-22-2-1024x769.jpg 1024w, https:\/\/lesamisdelahume.fr\/wp-content\/uploads\/2022\/07\/sardinade-juillet-22-2-768x577.jpg 768w, https:\/\/lesamisdelahume.fr\/wp-content\/uploads\/2022\/07\/sardinade-juillet-22-2-1536x1153.jpg 1536w, https:\/\/lesamisdelahume.fr\/wp-content\/uploads\/2022\/07\/sardinade-juillet-22-2-2048x1538.jpg 2048w\" sizes=\"auto, (max-width: 767px) 89vw, (max-width: 1000px) 54vw, (max-width: 1071px) 543px, 580px\" \/><\/figure>\n\n\n\n<figure class=\"wp-block-image size-large\"><img loading=\"lazy\" decoding=\"async\" width=\"2560\" height=\"1922\" data-id=\"445\" src=\"http:\/\/lesamisdelahume.fr\/wp-content\/uploads\/2022\/07\/sardinade-juillet-22-3-scaled.jpg\" alt=\"\" class=\"wp-image-445\" srcset=\"https:\/\/lesamisdelahume.fr\/wp-content\/uploads\/2022\/07\/sardinade-juillet-22-3-scaled.jpg 2560w, https:\/\/lesamisdelahume.fr\/wp-content\/uploads\/2022\/07\/sardinade-juillet-22-3-300x225.jpg 300w, https:\/\/lesamisdelahume.fr\/wp-content\/uploads\/2022\/07\/sardinade-juillet-22-3-1024x769.jpg 1024w, https:\/\/lesamisdelahume.fr\/wp-content\/uploads\/2022\/07\/sardinade-juillet-22-3-768x577.jpg 768w, https:\/\/lesamisdelahume.fr\/wp-content\/uploads\/2022\/07\/sardinade-juillet-22-3-1536x1153.jpg 1536w, https:\/\/lesamisdelahume.fr\/wp-content\/uploads\/2022\/07\/sardinade-juillet-22-3-2048x1538.jpg 2048w\" sizes=\"auto, (max-width: 767px) 89vw, (max-width: 1000px) 54vw, (max-width: 1071px) 543px, 580px\" \/><\/figure>\n<\/figure>\n\n\n\n<hr class=\"wp-block-separator has-alpha-channel-opacity\"\/>\n\n\n\n<h3 class=\"wp-block-heading\"><strong>SARDINADE \u00c9T\u00c9 2022<\/strong><\/h3>\n\n\n\n<p><\/p>\n\n\n\n<figure class=\"wp-block-gallery has-nested-images columns-default is-cropped wp-block-gallery-3 is-layout-flex wp-block-gallery-is-layout-flex\">\n<figure class=\"wp-block-image size-large\"><img loading=\"lazy\" decoding=\"async\" width=\"2560\" height=\"1922\" data-id=\"472\" src=\"http:\/\/lesamisdelahume.fr\/wp-content\/uploads\/2022\/09\/P1010552-scaled.jpg\" alt=\"\" class=\"wp-image-472\" srcset=\"https:\/\/lesamisdelahume.fr\/wp-content\/uploads\/2022\/09\/P1010552-scaled.jpg 2560w, https:\/\/lesamisdelahume.fr\/wp-content\/uploads\/2022\/09\/P1010552-300x225.jpg 300w, https:\/\/lesamisdelahume.fr\/wp-content\/uploads\/2022\/09\/P1010552-1024x769.jpg 1024w, https:\/\/lesamisdelahume.fr\/wp-content\/uploads\/2022\/09\/P1010552-768x577.jpg 768w, https:\/\/lesamisdelahume.fr\/wp-content\/uploads\/2022\/09\/P1010552-1536x1153.jpg 1536w, https:\/\/lesamisdelahume.fr\/wp-content\/uploads\/2022\/09\/P1010552-2048x1538.jpg 2048w\" sizes=\"auto, (max-width: 767px) 89vw, (max-width: 1000px) 54vw, (max-width: 1071px) 543px, 580px\" \/><\/figure>\n\n\n\n<figure class=\"wp-block-image size-large\"><img loading=\"lazy\" decoding=\"async\" width=\"2560\" height=\"1922\" data-id=\"473\" src=\"http:\/\/lesamisdelahume.fr\/wp-content\/uploads\/2022\/09\/P1010553-scaled.jpg\" alt=\"\" class=\"wp-image-473\" srcset=\"https:\/\/lesamisdelahume.fr\/wp-content\/uploads\/2022\/09\/P1010553-scaled.jpg 2560w, https:\/\/lesamisdelahume.fr\/wp-content\/uploads\/2022\/09\/P1010553-300x225.jpg 300w, https:\/\/lesamisdelahume.fr\/wp-content\/uploads\/2022\/09\/P1010553-1024x769.jpg 1024w, https:\/\/lesamisdelahume.fr\/wp-content\/uploads\/2022\/09\/P1010553-768x577.jpg 768w, https:\/\/lesamisdelahume.fr\/wp-content\/uploads\/2022\/09\/P1010553-1536x1153.jpg 1536w, https:\/\/lesamisdelahume.fr\/wp-content\/uploads\/2022\/09\/P1010553-2048x1538.jpg 2048w\" sizes=\"auto, (max-width: 767px) 89vw, (max-width: 1000px) 54vw, (max-width: 1071px) 543px, 580px\" \/><\/figure>\n\n\n\n<figure class=\"wp-block-image size-large\"><img loading=\"lazy\" decoding=\"async\" width=\"2560\" height=\"1922\" data-id=\"474\" src=\"http:\/\/lesamisdelahume.fr\/wp-content\/uploads\/2022\/09\/P1010556-scaled.jpg\" alt=\"\" class=\"wp-image-474\" srcset=\"https:\/\/lesamisdelahume.fr\/wp-content\/uploads\/2022\/09\/P1010556-scaled.jpg 2560w, https:\/\/lesamisdelahume.fr\/wp-content\/uploads\/2022\/09\/P1010556-300x225.jpg 300w, https:\/\/lesamisdelahume.fr\/wp-content\/uploads\/2022\/09\/P1010556-1024x769.jpg 1024w, https:\/\/lesamisdelahume.fr\/wp-content\/uploads\/2022\/09\/P1010556-768x577.jpg 768w, https:\/\/lesamisdelahume.fr\/wp-content\/uploads\/2022\/09\/P1010556-1536x1153.jpg 1536w, https:\/\/lesamisdelahume.fr\/wp-content\/uploads\/2022\/09\/P1010556-2048x1538.jpg 2048w\" sizes=\"auto, (max-width: 767px) 89vw, (max-width: 1000px) 54vw, (max-width: 1071px) 543px, 580px\" \/><\/figure>\n\n\n\n<figure class=\"wp-block-image size-large\"><img loading=\"lazy\" decoding=\"async\" width=\"2560\" height=\"1922\" data-id=\"475\" src=\"http:\/\/lesamisdelahume.fr\/wp-content\/uploads\/2022\/09\/P1010561-scaled.jpg\" alt=\"\" class=\"wp-image-475\" srcset=\"https:\/\/lesamisdelahume.fr\/wp-content\/uploads\/2022\/09\/P1010561-scaled.jpg 2560w, https:\/\/lesamisdelahume.fr\/wp-content\/uploads\/2022\/09\/P1010561-300x225.jpg 300w, https:\/\/lesamisdelahume.fr\/wp-content\/uploads\/2022\/09\/P1010561-1024x769.jpg 1024w, https:\/\/lesamisdelahume.fr\/wp-content\/uploads\/2022\/09\/P1010561-768x577.jpg 768w, https:\/\/lesamisdelahume.fr\/wp-content\/uploads\/2022\/09\/P1010561-1536x1153.jpg 1536w, https:\/\/lesamisdelahume.fr\/wp-content\/uploads\/2022\/09\/P1010561-2048x1538.jpg 2048w\" sizes=\"auto, (max-width: 767px) 89vw, (max-width: 1000px) 54vw, (max-width: 1071px) 543px, 580px\" \/><\/figure>\n\n\n\n<figure class=\"wp-block-image size-large\"><img loading=\"lazy\" decoding=\"async\" width=\"2560\" height=\"1922\" data-id=\"476\" src=\"http:\/\/lesamisdelahume.fr\/wp-content\/uploads\/2022\/09\/P1010564-scaled.jpg\" alt=\"\" class=\"wp-image-476\" srcset=\"https:\/\/lesamisdelahume.fr\/wp-content\/uploads\/2022\/09\/P1010564-scaled.jpg 2560w, https:\/\/lesamisdelahume.fr\/wp-content\/uploads\/2022\/09\/P1010564-300x225.jpg 300w, https:\/\/lesamisdelahume.fr\/wp-content\/uploads\/2022\/09\/P1010564-1024x769.jpg 1024w, https:\/\/lesamisdelahume.fr\/wp-content\/uploads\/2022\/09\/P1010564-768x577.jpg 768w, https:\/\/lesamisdelahume.fr\/wp-content\/uploads\/2022\/09\/P1010564-1536x1153.jpg 1536w, https:\/\/lesamisdelahume.fr\/wp-content\/uploads\/2022\/09\/P1010564-2048x1538.jpg 2048w\" sizes=\"auto, (max-width: 767px) 89vw, (max-width: 1000px) 54vw, (max-width: 1071px) 543px, 580px\" \/><\/figure>\n\n\n\n<figure class=\"wp-block-image size-large\"><img loading=\"lazy\" decoding=\"async\" width=\"2560\" height=\"1922\" data-id=\"482\" src=\"http:\/\/lesamisdelahume.fr\/wp-content\/uploads\/2022\/09\/P1010596-scaled.jpg\" alt=\"\" class=\"wp-image-482\" srcset=\"https:\/\/lesamisdelahume.fr\/wp-content\/uploads\/2022\/09\/P1010596-scaled.jpg 2560w, https:\/\/lesamisdelahume.fr\/wp-content\/uploads\/2022\/09\/P1010596-300x225.jpg 300w, https:\/\/lesamisdelahume.fr\/wp-content\/uploads\/2022\/09\/P1010596-1024x769.jpg 1024w, https:\/\/lesamisdelahume.fr\/wp-content\/uploads\/2022\/09\/P1010596-768x577.jpg 768w, https:\/\/lesamisdelahume.fr\/wp-content\/uploads\/2022\/09\/P1010596-1536x1153.jpg 1536w, https:\/\/lesamisdelahume.fr\/wp-content\/uploads\/2022\/09\/P1010596-2048x1538.jpg 2048w\" sizes=\"auto, (max-width: 767px) 89vw, (max-width: 1000px) 54vw, (max-width: 1071px) 543px, 580px\" \/><\/figure>\n\n\n\n<figure class=\"wp-block-image size-large\"><img loading=\"lazy\" decoding=\"async\" width=\"2560\" height=\"1922\" data-id=\"481\" src=\"http:\/\/lesamisdelahume.fr\/wp-content\/uploads\/2022\/09\/P1010595-scaled.jpg\" alt=\"\" class=\"wp-image-481\" srcset=\"https:\/\/lesamisdelahume.fr\/wp-content\/uploads\/2022\/09\/P1010595-scaled.jpg 2560w, https:\/\/lesamisdelahume.fr\/wp-content\/uploads\/2022\/09\/P1010595-300x225.jpg 300w, https:\/\/lesamisdelahume.fr\/wp-content\/uploads\/2022\/09\/P1010595-1024x769.jpg 1024w, https:\/\/lesamisdelahume.fr\/wp-content\/uploads\/2022\/09\/P1010595-768x577.jpg 768w, https:\/\/lesamisdelahume.fr\/wp-content\/uploads\/2022\/09\/P1010595-1536x1153.jpg 1536w, https:\/\/lesamisdelahume.fr\/wp-content\/uploads\/2022\/09\/P1010595-2048x1538.jpg 2048w\" sizes=\"auto, (max-width: 767px) 89vw, (max-width: 1000px) 54vw, (max-width: 1071px) 543px, 580px\" \/><\/figure>\n\n\n\n<figure class=\"wp-block-image size-large\"><img loading=\"lazy\" decoding=\"async\" width=\"2560\" height=\"1922\" data-id=\"480\" src=\"http:\/\/lesamisdelahume.fr\/wp-content\/uploads\/2022\/09\/P1010594-scaled.jpg\" alt=\"\" class=\"wp-image-480\" srcset=\"https:\/\/lesamisdelahume.fr\/wp-content\/uploads\/2022\/09\/P1010594-scaled.jpg 2560w, https:\/\/lesamisdelahume.fr\/wp-content\/uploads\/2022\/09\/P1010594-300x225.jpg 300w, https:\/\/lesamisdelahume.fr\/wp-content\/uploads\/2022\/09\/P1010594-1024x769.jpg 1024w, https:\/\/lesamisdelahume.fr\/wp-content\/uploads\/2022\/09\/P1010594-768x577.jpg 768w, https:\/\/lesamisdelahume.fr\/wp-content\/uploads\/2022\/09\/P1010594-1536x1153.jpg 1536w, https:\/\/lesamisdelahume.fr\/wp-content\/uploads\/2022\/09\/P1010594-2048x1538.jpg 2048w\" sizes=\"auto, (max-width: 767px) 89vw, (max-width: 1000px) 54vw, (max-width: 1071px) 543px, 580px\" \/><\/figure>\n\n\n\n<figure class=\"wp-block-image size-large\"><img loading=\"lazy\" decoding=\"async\" width=\"2560\" height=\"1922\" data-id=\"479\" src=\"http:\/\/lesamisdelahume.fr\/wp-content\/uploads\/2022\/09\/P1010585-scaled.jpg\" alt=\"\" class=\"wp-image-479\" srcset=\"https:\/\/lesamisdelahume.fr\/wp-content\/uploads\/2022\/09\/P1010585-scaled.jpg 2560w, https:\/\/lesamisdelahume.fr\/wp-content\/uploads\/2022\/09\/P1010585-300x225.jpg 300w, https:\/\/lesamisdelahume.fr\/wp-content\/uploads\/2022\/09\/P1010585-1024x769.jpg 1024w, https:\/\/lesamisdelahume.fr\/wp-content\/uploads\/2022\/09\/P1010585-768x577.jpg 768w, https:\/\/lesamisdelahume.fr\/wp-content\/uploads\/2022\/09\/P1010585-1536x1153.jpg 1536w, https:\/\/lesamisdelahume.fr\/wp-content\/uploads\/2022\/09\/P1010585-2048x1538.jpg 2048w\" sizes=\"auto, (max-width: 767px) 89vw, (max-width: 1000px) 54vw, (max-width: 1071px) 543px, 580px\" \/><\/figure>\n\n\n\n<figure class=\"wp-block-image size-large\"><img loading=\"lazy\" decoding=\"async\" width=\"2560\" height=\"1922\" data-id=\"478\" src=\"http:\/\/lesamisdelahume.fr\/wp-content\/uploads\/2022\/09\/P1010581-scaled.jpg\" alt=\"\" class=\"wp-image-478\" srcset=\"https:\/\/lesamisdelahume.fr\/wp-content\/uploads\/2022\/09\/P1010581-scaled.jpg 2560w, https:\/\/lesamisdelahume.fr\/wp-content\/uploads\/2022\/09\/P1010581-300x225.jpg 300w, https:\/\/lesamisdelahume.fr\/wp-content\/uploads\/2022\/09\/P1010581-1024x769.jpg 1024w, https:\/\/lesamisdelahume.fr\/wp-content\/uploads\/2022\/09\/P1010581-768x577.jpg 768w, https:\/\/lesamisdelahume.fr\/wp-content\/uploads\/2022\/09\/P1010581-1536x1153.jpg 1536w, https:\/\/lesamisdelahume.fr\/wp-content\/uploads\/2022\/09\/P1010581-2048x1538.jpg 2048w\" sizes=\"auto, (max-width: 767px) 89vw, (max-width: 1000px) 54vw, (max-width: 1071px) 543px, 580px\" \/><\/figure>\n\n\n\n<figure class=\"wp-block-image size-large\"><img loading=\"lazy\" decoding=\"async\" width=\"2560\" height=\"1922\" data-id=\"477\" src=\"http:\/\/lesamisdelahume.fr\/wp-content\/uploads\/2022\/09\/P1010578-scaled.jpg\" alt=\"\" class=\"wp-image-477\" srcset=\"https:\/\/lesamisdelahume.fr\/wp-content\/uploads\/2022\/09\/P1010578-scaled.jpg 2560w, https:\/\/lesamisdelahume.fr\/wp-content\/uploads\/2022\/09\/P1010578-300x225.jpg 300w, https:\/\/lesamisdelahume.fr\/wp-content\/uploads\/2022\/09\/P1010578-1024x769.jpg 1024w, https:\/\/lesamisdelahume.fr\/wp-content\/uploads\/2022\/09\/P1010578-768x577.jpg 768w, https:\/\/lesamisdelahume.fr\/wp-content\/uploads\/2022\/09\/P1010578-1536x1153.jpg 1536w, https:\/\/lesamisdelahume.fr\/wp-content\/uploads\/2022\/09\/P1010578-2048x1538.jpg 2048w\" sizes=\"auto, (max-width: 767px) 89vw, (max-width: 1000px) 54vw, (max-width: 1071px) 543px, 580px\" \/><\/figure>\n<\/figure>\n\n\n\n<hr class=\"wp-block-separator has-alpha-channel-opacity\"\/>\n\n\n\n<h3 class=\"wp-block-heading\"><strong>JOURN\u00c9E DU PATRIMOINE DU 17 ET 18 SEPTEMBRE 2022<\/strong><\/h3>\n\n\n\n<p><\/p>\n\n\n\n<figure class=\"wp-block-image size-large\"><img loading=\"lazy\" decoding=\"async\" width=\"1024\" height=\"768\" src=\"http:\/\/lesamisdelahume.fr\/wp-content\/uploads\/2022\/10\/20220918_1154571-1024x768.jpg\" alt=\"\" class=\"wp-image-493\" srcset=\"https:\/\/lesamisdelahume.fr\/wp-content\/uploads\/2022\/10\/20220918_1154571-1024x768.jpg 1024w, https:\/\/lesamisdelahume.fr\/wp-content\/uploads\/2022\/10\/20220918_1154571-300x225.jpg 300w, https:\/\/lesamisdelahume.fr\/wp-content\/uploads\/2022\/10\/20220918_1154571-768x576.jpg 768w, https:\/\/lesamisdelahume.fr\/wp-content\/uploads\/2022\/10\/20220918_1154571-1536x1152.jpg 1536w, https:\/\/lesamisdelahume.fr\/wp-content\/uploads\/2022\/10\/20220918_1154571-2048x1536.jpg 2048w\" sizes=\"auto, (max-width: 767px) 89vw, (max-width: 1000px) 54vw, (max-width: 1071px) 543px, 580px\" \/><\/figure>\n\n\n\n<p><\/p>\n\n\n\n<p>La journ\u00e9e du Patrimoine organis\u00e9 par Les Amis de La Hume dans le parc de la Ch\u00eaneraie. <\/p>\n\n\n\n<hr class=\"wp-block-separator has-alpha-channel-opacity\"\/>\n\n\n\n<h2 class=\"wp-block-heading\"><strong>LA JOURN\u00c9E CHAMPIGNONS DU DIMANCHE 30 OCTOBRE 2022<\/strong><\/h2>\n\n\n\n<p>Voici les photos de la journ\u00e9e champignons organis\u00e9e le dimanche 30 octobre dans le parc de la Ch\u00eaneraie.<\/p>\n\n\n\n<figure class=\"wp-block-image size-large\"><img loading=\"lazy\" decoding=\"async\" width=\"1024\" height=\"683\" src=\"http:\/\/lesamisdelahume.fr\/wp-content\/uploads\/2022\/11\/IMG_2389-1024x683.jpg\" alt=\"\" class=\"wp-image-512\" srcset=\"https:\/\/lesamisdelahume.fr\/wp-content\/uploads\/2022\/11\/IMG_2389-1024x683.jpg 1024w, https:\/\/lesamisdelahume.fr\/wp-content\/uploads\/2022\/11\/IMG_2389-300x200.jpg 300w, https:\/\/lesamisdelahume.fr\/wp-content\/uploads\/2022\/11\/IMG_2389-768x512.jpg 768w, https:\/\/lesamisdelahume.fr\/wp-content\/uploads\/2022\/11\/IMG_2389-1536x1024.jpg 1536w, https:\/\/lesamisdelahume.fr\/wp-content\/uploads\/2022\/11\/IMG_2389-2048x1365.jpg 2048w\" sizes=\"auto, (max-width: 767px) 89vw, (max-width: 1000px) 54vw, (max-width: 1071px) 543px, 580px\" \/><\/figure>\n\n\n\n<div class=\"wp-block-buttons is-layout-flex wp-block-buttons-is-layout-flex\">\n<div class=\"wp-block-button is-style-outline aligncenter is-style-outline--4\"><a class=\"wp-block-button__link wp-element-button\" href=\"https:\/\/drive.google.com\/drive\/folders\/1GTb_em_UaGKzwOSXeVDEgSrDIqYqaDEh?usp=sharing\" target=\"_blank\" rel=\"noreferrer noopener\">CLIQUEZ ICI POUR VOIR LES PHOTOS<\/a><\/div>\n<\/div>\n","protected":false},"excerpt":{"rendered":"<p>COURSE P\u00c9DESTRE DU JEUDI 14 JUILLET 2022 SARDINADE DU 9 JUILLET 2022 Enfin reprise de nos sardinades&#8230; Tr\u00e8s belle soir\u00e9e avec le groupe choeur des Hommes ADISHATZ. Bravo \u00e0 nos jeunes serveurs ! On est pr\u00eat pour la prochaine. SARDINADE \u00c9T\u00c9 2022 JOURN\u00c9E DU PATRIMOINE DU 17 ET 18 SEPTEMBRE 2022 La journ\u00e9e du Patrimoine &hellip; <\/p>\n<p class=\"link-more\"><a href=\"https:\/\/lesamisdelahume.fr\/index.php\/photos\/\" class=\"more-link\">Continuer la lecture<span class=\"screen-reader-text\"> de &laquo;&nbsp;Ann\u00e9e 2022&nbsp;&raquo;<\/span><\/a><\/p>\n","protected":false},"author":4,"featured_media":0,"parent":0,"menu_order":0,"comment_status":"closed","ping_status":"closed","template":"","meta":{"footnotes":""},"class_list":["post-87","page","type-page","status-publish","hentry"],"yoast_head":"<!-- This site is optimized with the Yoast SEO plugin v27.0 - https:\/\/yoast.com\/product\/yoast-seo-wordpress\/ -->\n<title>Ann\u00e9e 2022 - Les Amis de la Hume<\/title>\n<meta name=\"robots\" content=\"index, follow, max-snippet:-1, max-image-preview:large, max-video-preview:-1\" \/>\n<link rel=\"canonical\" href=\"http:\/\/lesamisdelahume.fr\/index.php\/photos\/\" \/>\n<meta property=\"og:locale\" content=\"fr_FR\" \/>\n<meta property=\"og:type\" content=\"article\" \/>\n<meta property=\"og:title\" content=\"Ann\u00e9e 2022 - Les Amis de la Hume\" \/>\n<meta property=\"og:description\" content=\"COURSE P\u00c9DESTRE DU JEUDI 14 JUILLET 2022 SARDINADE DU 9 JUILLET 2022 Enfin reprise de nos sardinades&#8230; Tr\u00e8s belle soir\u00e9e avec le groupe choeur des Hommes ADISHATZ. Bravo \u00e0 nos jeunes serveurs ! On est pr\u00eat pour la prochaine. SARDINADE \u00c9T\u00c9 2022 JOURN\u00c9E DU PATRIMOINE DU 17 ET 18 SEPTEMBRE 2022 La journ\u00e9e du Patrimoine &hellip; Continuer la lecture de &laquo;&nbsp;Ann\u00e9e 2022&nbsp;&raquo;\" \/>\n<meta property=\"og:url\" content=\"http:\/\/lesamisdelahume.fr\/index.php\/photos\/\" \/>\n<meta property=\"og:site_name\" content=\"Les Amis de la Hume\" \/>\n<meta property=\"article:modified_time\" content=\"2025-03-23T16:33:04+00:00\" \/>\n<meta property=\"og:image\" content=\"http:\/\/lesamisdelahume.fr\/wp-content\/uploads\/2022\/07\/sardinade-juillet-22-1-scaled.jpg\" \/>\n<meta name=\"twitter:card\" content=\"summary_large_image\" \/>\n<meta name=\"twitter:label1\" content=\"Dur\u00e9e de lecture estim\u00e9e\" \/>\n\t<meta name=\"twitter:data1\" content=\"4 minutes\" \/>\n<script type=\"application\/ld+json\" class=\"yoast-schema-graph\">{\"@context\":\"https:\/\/schema.org\",\"@graph\":[{\"@type\":\"WebPage\",\"@id\":\"http:\/\/lesamisdelahume.fr\/index.php\/photos\/\",\"url\":\"http:\/\/lesamisdelahume.fr\/index.php\/photos\/\",\"name\":\"Ann\u00e9e 2022 - Les Amis de la Hume\",\"isPartOf\":{\"@id\":\"http:\/\/lesamisdelahume.fr\/#website\"},\"primaryImageOfPage\":{\"@id\":\"http:\/\/lesamisdelahume.fr\/index.php\/photos\/#primaryimage\"},\"image\":{\"@id\":\"http:\/\/lesamisdelahume.fr\/index.php\/photos\/#primaryimage\"},\"thumbnailUrl\":\"http:\/\/lesamisdelahume.fr\/wp-content\/uploads\/2022\/07\/sardinade-juillet-22-1-scaled.jpg\",\"datePublished\":\"2021-05-16T16:49:59+00:00\",\"dateModified\":\"2025-03-23T16:33:04+00:00\",\"breadcrumb\":{\"@id\":\"http:\/\/lesamisdelahume.fr\/index.php\/photos\/#breadcrumb\"},\"inLanguage\":\"fr-FR\",\"potentialAction\":[{\"@type\":\"ReadAction\",\"target\":[\"http:\/\/lesamisdelahume.fr\/index.php\/photos\/\"]}]},{\"@type\":\"ImageObject\",\"inLanguage\":\"fr-FR\",\"@id\":\"http:\/\/lesamisdelahume.fr\/index.php\/photos\/#primaryimage\",\"url\":\"https:\/\/lesamisdelahume.fr\/wp-content\/uploads\/2022\/07\/sardinade-juillet-22-1-scaled.jpg\",\"contentUrl\":\"https:\/\/lesamisdelahume.fr\/wp-content\/uploads\/2022\/07\/sardinade-juillet-22-1-scaled.jpg\",\"width\":2560,\"height\":1922},{\"@type\":\"BreadcrumbList\",\"@id\":\"http:\/\/lesamisdelahume.fr\/index.php\/photos\/#breadcrumb\",\"itemListElement\":[{\"@type\":\"ListItem\",\"position\":1,\"name\":\"Accueil\",\"item\":\"https:\/\/lesamisdelahume.fr\/\"},{\"@type\":\"ListItem\",\"position\":2,\"name\":\"Ann\u00e9e 2022\"}]},{\"@type\":\"WebSite\",\"@id\":\"http:\/\/lesamisdelahume.fr\/#website\",\"url\":\"http:\/\/lesamisdelahume.fr\/\",\"name\":\"Les Amis de la Hume\",\"description\":\"Association loi 1901\",\"potentialAction\":[{\"@type\":\"SearchAction\",\"target\":{\"@type\":\"EntryPoint\",\"urlTemplate\":\"http:\/\/lesamisdelahume.fr\/?s={search_term_string}\"},\"query-input\":{\"@type\":\"PropertyValueSpecification\",\"valueRequired\":true,\"valueName\":\"search_term_string\"}}],\"inLanguage\":\"fr-FR\"}]}<\/script>\n<!-- \/ Yoast SEO plugin. -->","yoast_head_json":{"title":"Ann\u00e9e 2022 - Les Amis de la Hume","robots":{"index":"index","follow":"follow","max-snippet":"max-snippet:-1","max-image-preview":"max-image-preview:large","max-video-preview":"max-video-preview:-1"},"canonical":"http:\/\/lesamisdelahume.fr\/index.php\/photos\/","og_locale":"fr_FR","og_type":"article","og_title":"Ann\u00e9e 2022 - Les Amis de la Hume","og_description":"COURSE P\u00c9DESTRE DU JEUDI 14 JUILLET 2022 SARDINADE DU 9 JUILLET 2022 Enfin reprise de nos sardinades&#8230; Tr\u00e8s belle soir\u00e9e avec le groupe choeur des Hommes ADISHATZ. Bravo \u00e0 nos jeunes serveurs ! On est pr\u00eat pour la prochaine. SARDINADE \u00c9T\u00c9 2022 JOURN\u00c9E DU PATRIMOINE DU 17 ET 18 SEPTEMBRE 2022 La journ\u00e9e du Patrimoine &hellip; Continuer la lecture de &laquo;&nbsp;Ann\u00e9e 2022&nbsp;&raquo;","og_url":"http:\/\/lesamisdelahume.fr\/index.php\/photos\/","og_site_name":"Les Amis de la Hume","article_modified_time":"2025-03-23T16:33:04+00:00","og_image":[{"url":"http:\/\/lesamisdelahume.fr\/wp-content\/uploads\/2022\/07\/sardinade-juillet-22-1-scaled.jpg","type":"","width":"","height":""}],"twitter_card":"summary_large_image","twitter_misc":{"Dur\u00e9e de lecture estim\u00e9e":"4 minutes"},"schema":{"@context":"https:\/\/schema.org","@graph":[{"@type":"WebPage","@id":"http:\/\/lesamisdelahume.fr\/index.php\/photos\/","url":"http:\/\/lesamisdelahume.fr\/index.php\/photos\/","name":"Ann\u00e9e 2022 - Les Amis de la Hume","isPartOf":{"@id":"http:\/\/lesamisdelahume.fr\/#website"},"primaryImageOfPage":{"@id":"http:\/\/lesamisdelahume.fr\/index.php\/photos\/#primaryimage"},"image":{"@id":"http:\/\/lesamisdelahume.fr\/index.php\/photos\/#primaryimage"},"thumbnailUrl":"http:\/\/lesamisdelahume.fr\/wp-content\/uploads\/2022\/07\/sardinade-juillet-22-1-scaled.jpg","datePublished":"2021-05-16T16:49:59+00:00","dateModified":"2025-03-23T16:33:04+00:00","breadcrumb":{"@id":"http:\/\/lesamisdelahume.fr\/index.php\/photos\/#breadcrumb"},"inLanguage":"fr-FR","potentialAction":[{"@type":"ReadAction","target":["http:\/\/lesamisdelahume.fr\/index.php\/photos\/"]}]},{"@type":"ImageObject","inLanguage":"fr-FR","@id":"http:\/\/lesamisdelahume.fr\/index.php\/photos\/#primaryimage","url":"https:\/\/lesamisdelahume.fr\/wp-content\/uploads\/2022\/07\/sardinade-juillet-22-1-scaled.jpg","contentUrl":"https:\/\/lesamisdelahume.fr\/wp-content\/uploads\/2022\/07\/sardinade-juillet-22-1-scaled.jpg","width":2560,"height":1922},{"@type":"BreadcrumbList","@id":"http:\/\/lesamisdelahume.fr\/index.php\/photos\/#breadcrumb","itemListElement":[{"@type":"ListItem","position":1,"name":"Accueil","item":"https:\/\/lesamisdelahume.fr\/"},{"@type":"ListItem","position":2,"name":"Ann\u00e9e 2022"}]},{"@type":"WebSite","@id":"http:\/\/lesamisdelahume.fr\/#website","url":"http:\/\/lesamisdelahume.fr\/","name":"Les Amis de la Hume","description":"Association loi 1901","potentialAction":[{"@type":"SearchAction","target":{"@type":"EntryPoint","urlTemplate":"http:\/\/lesamisdelahume.fr\/?s={search_term_string}"},"query-input":{"@type":"PropertyValueSpecification","valueRequired":true,"valueName":"search_term_string"}}],"inLanguage":"fr-FR"}]}},"_links":{"self":[{"href":"https:\/\/lesamisdelahume.fr\/index.php\/wp-json\/wp\/v2\/pages\/87","targetHints":{"allow":["GET"]}}],"collection":[{"href":"https:\/\/lesamisdelahume.fr\/index.php\/wp-json\/wp\/v2\/pages"}],"about":[{"href":"https:\/\/lesamisdelahume.fr\/index.php\/wp-json\/wp\/v2\/types\/page"}],"author":[{"embeddable":true,"href":"https:\/\/lesamisdelahume.fr\/index.php\/wp-json\/wp\/v2\/users\/4"}],"replies":[{"embeddable":true,"href":"https:\/\/lesamisdelahume.fr\/index.php\/wp-json\/wp\/v2\/comments?post=87"}],"version-history":[{"count":16,"href":"https:\/\/lesamisdelahume.fr\/index.php\/wp-json\/wp\/v2\/pages\/87\/revisions"}],"predecessor-version":[{"id":1076,"href":"https:\/\/lesamisdelahume.fr\/index.php\/wp-json\/wp\/v2\/pages\/87\/revisions\/1076"}],"wp:attachment":[{"href":"https:\/\/lesamisdelahume.fr\/index.php\/wp-json\/wp\/v2\/media?parent=87"}],"curies":[{"name":"wp","href":"https:\/\/api.w.org\/{rel}","templated":true}]}}